{"id":52676,"date":"2023-10-19T21:54:04","date_gmt":"2023-10-19T21:54:04","guid":{"rendered":"https:\/\/www.felipe-carvajal.com\/?page_id=52676"},"modified":"2023-11-10T22:25:44","modified_gmt":"2023-11-10T22:25:44","slug":"guitarra-flamenca-desde-0","status":"publish","type":"page","link":"https:\/\/www.felipe-carvajal.com\/es\/guitarra-flamenca-desde-0\/","title":{"rendered":"Guitarra Flamenca Desde 0"},"content":{"rendered":"<div data-elementor-type=\"wp-page\" data-elementor-id=\"52676\" class=\"elementor elementor-52676\" data-elementor-post-type=\"page\">\n\t\t\t\t\t\t<section class=\"elementor-section elementor-top-section elementor-element elementor-element-8615fbb elementor-section-full_width elementor-section-height-min-height elementor-section-height-default elementor-section-items-middle\" data-id=\"8615fbb\" data-element_type=\"section\" data-e-type=\"section\" data-settings=\"{&quot;background_background&quot;:&quot;classic&quot;}\">\n\t\t\t\t\t\t<div class=\"elementor-container elementor-column-gap-default\">\n\t\t\t\t\t<div class=\"elementor-column elementor-col-100 elementor-top-column elementor-element elementor-element-faf875c\" data-id=\"faf875c\" data-element_type=\"column\" data-e-type=\"column\">\n\t\t\t<div class=\"elementor-widget-wrap elementor-element-populated\">\n\t\t\t\t\t\t<div class=\"elementor-element elementor-element-10f2057 elementor-widget elementor-widget-heading\" data-id=\"10f2057\" data-element_type=\"widget\" data-e-type=\"widget\" data-widget_type=\"heading.default\">\n\t\t\t\t<div class=\"elementor-widget-container\">\n\t\t\t\t\t<h2 class=\"elementor-heading-title elementor-size-default\">GUITARRA FLAMENCA DESDE 0<\/h2>\t\t\t\t<\/div>\n\t\t\t\t<\/div>\n\t\t\t\t\t<\/div>\n\t\t<\/div>\n\t\t\t\t\t<\/div>\n\t\t<\/section>\n\t\t\t\t<section class=\"elementor-section elementor-top-section elementor-element elementor-element-33c3cec elementor-section-boxed elementor-section-height-default elementor-section-height-default\" data-id=\"33c3cec\" data-element_type=\"section\" data-e-type=\"section\">\n\t\t\t\t\t\t<div class=\"elementor-container elementor-column-gap-default\">\n\t\t\t\t\t<div class=\"elementor-column elementor-col-100 elementor-top-column elementor-element elementor-element-20ce617\" data-id=\"20ce617\" data-element_type=\"column\" data-e-type=\"column\">\n\t\t\t<div class=\"elementor-widget-wrap elementor-element-populated\">\n\t\t\t\t\t\t<div class=\"elementor-element elementor-element-4a31c88 elementor-widget elementor-widget-spacer\" data-id=\"4a31c88\" data-element_type=\"widget\" data-e-type=\"widget\" data-widget_type=\"spacer.default\">\n\t\t\t\t<div class=\"elementor-widget-container\">\n\t\t\t\t\t\t\t<div class=\"elementor-spacer\">\n\t\t\t<div class=\"elementor-spacer-inner\"><\/div>\n\t\t<\/div>\n\t\t\t\t\t\t<\/div>\n\t\t\t\t<\/div>\n\t\t\t\t\t<\/div>\n\t\t<\/div>\n\t\t\t\t\t<\/div>\n\t\t<\/section>\n\t\t\t\t<section class=\"elementor-section elementor-top-section elementor-element elementor-element-ad096ca elementor-section-boxed elementor-section-height-default elementor-section-height-default\" data-id=\"ad096ca\" data-element_type=\"section\" data-e-type=\"section\">\n\t\t\t\t\t\t<div class=\"elementor-container elementor-column-gap-default\">\n\t\t\t\t\t<div class=\"elementor-column elementor-col-33 elementor-top-column elementor-element elementor-element-78a9610\" data-id=\"78a9610\" data-element_type=\"column\" data-e-type=\"column\">\n\t\t\t<div class=\"elementor-widget-wrap elementor-element-populated\">\n\t\t\t\t\t\t<div class=\"elementor-element elementor-element-4264e14 elementor-widget elementor-widget-text-editor\" data-id=\"4264e14\" data-element_type=\"widget\" data-e-type=\"widget\" data-widget_type=\"text-editor.default\">\n\t\t\t\t<div class=\"elementor-widget-container\">\n\t\t\t\t\t\t\t\t\t<p><span style=\"letter-spacing: 0px;\">En esta secci\u00f3n publicar\u00e9 un curso dirigido a personas que quieran tocar la guitarra flamenca, desde cero.<\/span><\/p><p>Hablaremos de las diferentes t\u00e9cnicas, repertorio, teor\u00eda, m\u00fasica y todos los detalles sobre la guitarra flamenca!<br \/><br \/>\u00a1Espero que lo disfruten!<\/p>\t\t\t\t\t\t\t\t<\/div>\n\t\t\t\t<\/div>\n\t\t\t\t\t<\/div>\n\t\t<\/div>\n\t\t\t\t<div class=\"elementor-column elementor-col-66 elementor-top-column elementor-element elementor-element-a0e803f\" data-id=\"a0e803f\" data-element_type=\"column\" data-e-type=\"column\">\n\t\t\t<div class=\"elementor-widget-wrap elementor-element-populated\">\n\t\t\t\t\t\t<div class=\"elementor-element elementor-element-d0471af elementor-widget elementor-widget-heading\" data-id=\"d0471af\" data-element_type=\"widget\" data-e-type=\"widget\" data-widget_type=\"heading.default\">\n\t\t\t\t<div class=\"elementor-widget-container\">\n\t\t\t\t\t<h3 class=\"elementor-heading-title elementor-size-default\">\u00cdndice (Links a Youtube)<\/h3>\t\t\t\t<\/div>\n\t\t\t\t<\/div>\n\t\t\t\t<div class=\"elementor-element elementor-element-bfa5e95 elementor-grid-1 elementor-grid-tablet-1 elementor-posts--thumbnail-left elementor-grid-mobile-1 elementor-widget elementor-widget-posts\" data-id=\"bfa5e95\" data-element_type=\"widget\" data-e-type=\"widget\" data-settings=\"{&quot;pagination_type&quot;:&quot;numbers&quot;,&quot;classic_columns&quot;:&quot;1&quot;,&quot;classic_columns_tablet&quot;:&quot;1&quot;,&quot;classic_row_gap&quot;:{&quot;unit&quot;:&quot;px&quot;,&quot;size&quot;:16,&quot;sizes&quot;:[]},&quot;classic_columns_mobile&quot;:&quot;1&quot;,&quot;classic_row_gap_tablet&quot;:{&quot;unit&quot;:&quot;px&quot;,&quot;size&quot;:&quot;&quot;,&quot;sizes&quot;:[]},&quot;classic_row_gap_mobile&quot;:{&quot;unit&quot;:&quot;px&quot;,&quot;size&quot;:&quot;&quot;,&quot;sizes&quot;:[]}}\" data-widget_type=\"posts.classic\">\n\t\t\t\t<div class=\"elementor-widget-container\">\n\t\t\t\t\t\t\t<div class=\"elementor-posts-container elementor-posts elementor-posts--skin-classic elementor-grid\" role=\"list\">\n\t\t\t\t<article class=\"elementor-post elementor-grid-item post-52756 post type-post status-publish format-video has-post-thumbnail hentry category-guitarra-flamenca-desde-0 post_format-post-format-video\" role=\"listitem\">\n\t\t\t\t<a class=\"elementor-post__thumbnail__link\" href=\"https:\/\/www.felipe-carvajal.com\/es\/2-conceptos-basicos-generales-y-primeros-ragueos-2\/\" tabindex=\"-1\" >\n\t\t\t<div class=\"elementor-post__thumbnail\"><img fetchpriority=\"high\" decoding=\"async\" width=\"1000\" height=\"500\" src=\"https:\/\/www.felipe-carvajal.com\/wp-content\/uploads\/2023\/11\/maxresdefault-1-1000x500.jpg\" class=\"attachment-portfolio_masonry_wide size-portfolio_masonry_wide wp-image-52762\" alt=\"\" srcset=\"https:\/\/www.felipe-carvajal.com\/wp-content\/uploads\/2023\/11\/maxresdefault-1-1000x500.jpg 1000w, https:\/\/www.felipe-carvajal.com\/wp-content\/uploads\/2023\/11\/maxresdefault-1-18x10.jpg 18w\" sizes=\"(max-width: 1000px) 100vw, 1000px\" \/><\/div>\n\t\t<\/a>\n\t\t\t\t<div class=\"elementor-post__text\">\n\t\t\t\t<h3 class=\"elementor-post__title\">\n\t\t\t<a href=\"https:\/\/www.felipe-carvajal.com\/es\/2-conceptos-basicos-generales-y-primeros-ragueos-2\/\" >\n\t\t\t\t#1 \u2013 Historia, Postura y Primer Ejercicio\t\t\t<\/a>\n\t\t<\/h3>\n\t\t\t\t<\/div>\n\t\t\t\t<\/article>\n\t\t\t\t<article class=\"elementor-post elementor-grid-item post-52743 post type-post status-publish format-video has-post-thumbnail hentry category-guitarra-flamenca-desde-0 post_format-post-format-video\" role=\"listitem\">\n\t\t\t\t<a class=\"elementor-post__thumbnail__link\" href=\"https:\/\/www.felipe-carvajal.com\/es\/2-conceptos-basicos-generales-y-primeros-ragueos\/\" tabindex=\"-1\" >\n\t\t\t<div class=\"elementor-post__thumbnail\"><img decoding=\"async\" width=\"1000\" height=\"500\" data-src=\"https:\/\/www.felipe-carvajal.com\/wp-content\/uploads\/2023\/11\/maxresdefault-1000x500.jpg\" class=\"attachment-portfolio_masonry_wide size-portfolio_masonry_wide wp-image-52744 lazyload\" alt=\"\" data-srcset=\"https:\/\/www.felipe-carvajal.com\/wp-content\/uploads\/2023\/11\/maxresdefault-1000x500.jpg 1000w, https:\/\/www.felipe-carvajal.com\/wp-content\/uploads\/2023\/11\/maxresdefault-18x10.jpg 18w\" data-sizes=\"(max-width: 1000px) 100vw, 1000px\" src=\"data:image\/svg+xml;base64,PHN2ZyB3aWR0aD0iMSIgaGVpZ2h0PSIxIiB4bWxucz0iaHR0cDovL3d3dy53My5vcmcvMjAwMC9zdmciPjwvc3ZnPg==\" style=\"--smush-placeholder-width: 1000px; --smush-placeholder-aspect-ratio: 1000\/500;\" \/><\/div>\n\t\t<\/a>\n\t\t\t\t<div class=\"elementor-post__text\">\n\t\t\t\t<h3 class=\"elementor-post__title\">\n\t\t\t<a href=\"https:\/\/www.felipe-carvajal.com\/es\/2-conceptos-basicos-generales-y-primeros-ragueos\/\" >\n\t\t\t\t#2 \u2013 Conceptos B\u00e1sicos Generales y Primeros Rasgueos\t\t\t<\/a>\n\t\t<\/h3>\n\t\t\t\t<\/div>\n\t\t\t\t<\/article>\n\t\t\t\t<article class=\"elementor-post elementor-grid-item post-52777 post type-post status-publish format-video has-post-thumbnail hentry category-guitarra-flamenca-desde-0 post_format-post-format-video\" role=\"listitem\">\n\t\t\t\t<a class=\"elementor-post__thumbnail__link\" href=\"https:\/\/www.felipe-carvajal.com\/es\/3-thumb-malaguena-and-solea\/\" tabindex=\"-1\" >\n\t\t\t<div class=\"elementor-post__thumbnail\"><img decoding=\"async\" width=\"1000\" height=\"500\" data-src=\"https:\/\/www.felipe-carvajal.com\/wp-content\/uploads\/2023\/11\/Thumbnail-1000x500.jpg\" class=\"attachment-portfolio_masonry_wide size-portfolio_masonry_wide wp-image-52787 lazyload\" alt=\"\" data-srcset=\"https:\/\/www.felipe-carvajal.com\/wp-content\/uploads\/2023\/11\/Thumbnail-1000x500.jpg 1000w, https:\/\/www.felipe-carvajal.com\/wp-content\/uploads\/2023\/11\/Thumbnail-18x10.jpg 18w\" data-sizes=\"(max-width: 1000px) 100vw, 1000px\" src=\"data:image\/svg+xml;base64,PHN2ZyB3aWR0aD0iMSIgaGVpZ2h0PSIxIiB4bWxucz0iaHR0cDovL3d3dy53My5vcmcvMjAwMC9zdmciPjwvc3ZnPg==\" style=\"--smush-placeholder-width: 1000px; --smush-placeholder-aspect-ratio: 1000\/500;\" \/><\/div>\n\t\t<\/a>\n\t\t\t\t<div class=\"elementor-post__text\">\n\t\t\t\t<h3 class=\"elementor-post__title\">\n\t\t\t<a href=\"https:\/\/www.felipe-carvajal.com\/es\/3-thumb-malaguena-and-solea\/\" >\n\t\t\t\t#3 -Pulgar, Malague\u00f1a y Sole\u00e1\t\t\t<\/a>\n\t\t<\/h3>\n\t\t\t\t<\/div>\n\t\t\t\t<\/article>\n\t\t\t\t<article class=\"elementor-post elementor-grid-item post-52795 post type-post status-publish format-video has-post-thumbnail hentry category-guitarra-flamenca-desde-0 post_format-post-format-video\" role=\"listitem\">\n\t\t\t\t<a class=\"elementor-post__thumbnail__link\" href=\"https:\/\/www.felipe-carvajal.com\/es\/4-picado-malaguena-and-solea\/\" tabindex=\"-1\" >\n\t\t\t<div class=\"elementor-post__thumbnail\"><img decoding=\"async\" width=\"1000\" height=\"500\" data-src=\"https:\/\/www.felipe-carvajal.com\/wp-content\/uploads\/2024\/01\/Thumbnail-1000x500.jpg\" class=\"attachment-portfolio_masonry_wide size-portfolio_masonry_wide wp-image-52797 lazyload\" alt=\"\" data-srcset=\"https:\/\/www.felipe-carvajal.com\/wp-content\/uploads\/2024\/01\/Thumbnail-1000x500.jpg 1000w, https:\/\/www.felipe-carvajal.com\/wp-content\/uploads\/2024\/01\/Thumbnail-18x10.jpg 18w\" data-sizes=\"(max-width: 1000px) 100vw, 1000px\" src=\"data:image\/svg+xml;base64,PHN2ZyB3aWR0aD0iMSIgaGVpZ2h0PSIxIiB4bWxucz0iaHR0cDovL3d3dy53My5vcmcvMjAwMC9zdmciPjwvc3ZnPg==\" style=\"--smush-placeholder-width: 1000px; --smush-placeholder-aspect-ratio: 1000\/500;\" \/><\/div>\n\t\t<\/a>\n\t\t\t\t<div class=\"elementor-post__text\">\n\t\t\t\t<h3 class=\"elementor-post__title\">\n\t\t\t<a href=\"https:\/\/www.felipe-carvajal.com\/es\/4-picado-malaguena-and-solea\/\" >\n\t\t\t\t#4 -Picado, Malague\u00f1a and Sole\u00e1\t\t\t<\/a>\n\t\t<\/h3>\n\t\t\t\t<\/div>\n\t\t\t\t<\/article>\n\t\t\t\t<article class=\"elementor-post elementor-grid-item post-52821 post type-post status-publish format-video has-post-thumbnail hentry category-guitarra-flamenca-desde-0 post_format-post-format-video\" role=\"listitem\">\n\t\t\t\t<a class=\"elementor-post__thumbnail__link\" href=\"https:\/\/www.felipe-carvajal.com\/es\/5-solea\/\" tabindex=\"-1\" >\n\t\t\t<div class=\"elementor-post__thumbnail\"><img decoding=\"async\" width=\"1000\" height=\"500\" data-src=\"https:\/\/www.felipe-carvajal.com\/wp-content\/uploads\/2024\/02\/Thumbnail-1000x500.jpg\" class=\"attachment-portfolio_masonry_wide size-portfolio_masonry_wide wp-image-52823 lazyload\" alt=\"\" data-srcset=\"https:\/\/www.felipe-carvajal.com\/wp-content\/uploads\/2024\/02\/Thumbnail-1000x500.jpg 1000w, https:\/\/www.felipe-carvajal.com\/wp-content\/uploads\/2024\/02\/Thumbnail-18x10.jpg 18w\" data-sizes=\"(max-width: 1000px) 100vw, 1000px\" src=\"data:image\/svg+xml;base64,PHN2ZyB3aWR0aD0iMSIgaGVpZ2h0PSIxIiB4bWxucz0iaHR0cDovL3d3dy53My5vcmcvMjAwMC9zdmciPjwvc3ZnPg==\" style=\"--smush-placeholder-width: 1000px; --smush-placeholder-aspect-ratio: 1000\/500;\" \/><\/div>\n\t\t<\/a>\n\t\t\t\t<div class=\"elementor-post__text\">\n\t\t\t\t<h3 class=\"elementor-post__title\">\n\t\t\t<a href=\"https:\/\/www.felipe-carvajal.com\/es\/5-solea\/\" >\n\t\t\t\t#5 &#8211; Sole\u00e1\t\t\t<\/a>\n\t\t<\/h3>\n\t\t\t\t<\/div>\n\t\t\t\t<\/article>\n\t\t\t\t<article class=\"elementor-post elementor-grid-item post-52859 post type-post status-publish format-video has-post-thumbnail hentry category-guitarra-flamenca-desde-0 post_format-post-format-video\" role=\"listitem\">\n\t\t\t\t<a class=\"elementor-post__thumbnail__link\" href=\"https:\/\/www.felipe-carvajal.com\/es\/6-fundamentos-de-armonia\/\" tabindex=\"-1\" >\n\t\t\t<div class=\"elementor-post__thumbnail\"><img decoding=\"async\" width=\"1000\" height=\"500\" data-src=\"https:\/\/www.felipe-carvajal.com\/wp-content\/uploads\/2024\/05\/Thumbnail-1000x500.jpg\" class=\"attachment-portfolio_masonry_wide size-portfolio_masonry_wide wp-image-52868 lazyload\" alt=\"\" data-srcset=\"https:\/\/www.felipe-carvajal.com\/wp-content\/uploads\/2024\/05\/Thumbnail-1000x500.jpg 1000w, https:\/\/www.felipe-carvajal.com\/wp-content\/uploads\/2024\/05\/Thumbnail-18x10.jpg 18w\" data-sizes=\"(max-width: 1000px) 100vw, 1000px\" src=\"data:image\/svg+xml;base64,PHN2ZyB3aWR0aD0iMSIgaGVpZ2h0PSIxIiB4bWxucz0iaHR0cDovL3d3dy53My5vcmcvMjAwMC9zdmciPjwvc3ZnPg==\" style=\"--smush-placeholder-width: 1000px; --smush-placeholder-aspect-ratio: 1000\/500;\" \/><\/div>\n\t\t<\/a>\n\t\t\t\t<div class=\"elementor-post__text\">\n\t\t\t\t<h3 class=\"elementor-post__title\">\n\t\t\t<a href=\"https:\/\/www.felipe-carvajal.com\/es\/6-fundamentos-de-armonia\/\" >\n\t\t\t\t#6 &#8211; Fundamentos de Armon\u00eda\t\t\t<\/a>\n\t\t<\/h3>\n\t\t\t\t<\/div>\n\t\t\t\t<\/article>\n\t\t\t\t<\/div>\n\t\t\n\t\t\t\t\t\t<\/div>\n\t\t\t\t<\/div>\n\t\t\t\t\t<\/div>\n\t\t<\/div>\n\t\t\t\t\t<\/div>\n\t\t<\/section>\n\t\t\t\t<section class=\"elementor-section elementor-top-section elementor-element elementor-element-7fae69b elementor-section-boxed elementor-section-height-default elementor-section-height-default\" data-id=\"7fae69b\" data-element_type=\"section\" data-e-type=\"section\">\n\t\t\t\t\t\t<div class=\"elementor-container elementor-column-gap-default\">\n\t\t\t\t\t<div class=\"elementor-column elementor-col-100 elementor-top-column elementor-element elementor-element-ff12d7e\" data-id=\"ff12d7e\" data-element_type=\"column\" data-e-type=\"column\">\n\t\t\t<div class=\"elementor-widget-wrap elementor-element-populated\">\n\t\t\t\t\t\t<div class=\"elementor-element elementor-element-a419b48 elementor-shape-square elementor-grid-0 e-grid-align-center elementor-widget elementor-widget-global elementor-global-51361 elementor-widget-social-icons\" data-id=\"a419b48\" data-element_type=\"widget\" data-e-type=\"widget\" data-widget_type=\"social-icons.default\">\n\t\t\t\t<div class=\"elementor-widget-container\">\n\t\t\t\t\t\t\t<div class=\"elementor-social-icons-wrapper elementor-grid\" role=\"list\">\n\t\t\t\t\t\t\t<span class=\"elementor-grid-item\" role=\"listitem\">\n\t\t\t\t\t<a class=\"elementor-icon elementor-social-icon elementor-social-icon-facebook elementor-repeater-item-4bcaa15\" href=\"https:\/\/www.facebook.com\/felipecarvajalmusic\" target=\"_blank\">\n\t\t\t\t\t\t<span class=\"elementor-screen-only\">Facebook<\/span>\n\t\t\t\t\t\t<i aria-hidden=\"true\" class=\"fab fa-facebook\"><\/i>\t\t\t\t\t<\/a>\n\t\t\t\t<\/span>\n\t\t\t\t\t\t\t<span class=\"elementor-grid-item\" role=\"listitem\">\n\t\t\t\t\t<a class=\"elementor-icon elementor-social-icon elementor-social-icon-instagram elementor-repeater-item-68ef86b\" href=\"https:\/\/www.instagram.com\/fcrguit\/\" target=\"_blank\">\n\t\t\t\t\t\t<span class=\"elementor-screen-only\">Instagram<\/span>\n\t\t\t\t\t\t<i aria-hidden=\"true\" class=\"fab fa-instagram\"><\/i>\t\t\t\t\t<\/a>\n\t\t\t\t<\/span>\n\t\t\t\t\t\t\t<span class=\"elementor-grid-item\" role=\"listitem\">\n\t\t\t\t\t<a class=\"elementor-icon elementor-social-icon elementor-social-icon-twitter elementor-repeater-item-2985438\" href=\"https:\/\/twitter.com\/FelipeCarvajalR\" target=\"_blank\">\n\t\t\t\t\t\t<span class=\"elementor-screen-only\">Twitter<\/span>\n\t\t\t\t\t\t<i aria-hidden=\"true\" class=\"fab fa-twitter\"><\/i>\t\t\t\t\t<\/a>\n\t\t\t\t<\/span>\n\t\t\t\t\t\t\t<span class=\"elementor-grid-item\" role=\"listitem\">\n\t\t\t\t\t<a class=\"elementor-icon elementor-social-icon elementor-social-icon-youtube elementor-repeater-item-1840c0f\" href=\"https:\/\/www.youtube.com\/c\/FelipeCarvajalRojas\/\" target=\"_blank\">\n\t\t\t\t\t\t<span class=\"elementor-screen-only\">Youtube<\/span>\n\t\t\t\t\t\t<i aria-hidden=\"true\" class=\"fab fa-youtube\"><\/i>\t\t\t\t\t<\/a>\n\t\t\t\t<\/span>\n\t\t\t\t\t\t\t<span class=\"elementor-grid-item\" role=\"listitem\">\n\t\t\t\t\t<a class=\"elementor-icon elementor-social-icon elementor-social-icon-linkedin elementor-repeater-item-29ee37d\" href=\"https:\/\/www.linkedin.com\/in\/felipecarvajalrojas\" target=\"_blank\">\n\t\t\t\t\t\t<span class=\"elementor-screen-only\">Linkedin<\/span>\n\t\t\t\t\t\t<i aria-hidden=\"true\" class=\"fab fa-linkedin\"><\/i>\t\t\t\t\t<\/a>\n\t\t\t\t<\/span>\n\t\t\t\t\t\t\t<span class=\"elementor-grid-item\" role=\"listitem\">\n\t\t\t\t\t<a class=\"elementor-icon elementor-social-icon elementor-social-icon-soundcloud elementor-repeater-item-bdeaa46\" href=\"https:\/\/soundcloud.com\/felipecarvajal\" target=\"_blank\">\n\t\t\t\t\t\t<span class=\"elementor-screen-only\">Soundcloud<\/span>\n\t\t\t\t\t\t<i aria-hidden=\"true\" class=\"fab fa-soundcloud\"><\/i>\t\t\t\t\t<\/a>\n\t\t\t\t<\/span>\n\t\t\t\t\t\t\t<span class=\"elementor-grid-item\" role=\"listitem\">\n\t\t\t\t\t<a class=\"elementor-icon elementor-social-icon elementor-social-icon-spotify elementor-repeater-item-45f0e31\" href=\"https:\/\/open.spotify.com\/artist\/7JPKcaYhrJnrAmMpf1DHPo?si=cRL3ExzQRVy6B6htViTa-g&#038;dl_branch=1\" target=\"_blank\">\n\t\t\t\t\t\t<span class=\"elementor-screen-only\">Spotify<\/span>\n\t\t\t\t\t\t<i aria-hidden=\"true\" class=\"fab fa-spotify\"><\/i>\t\t\t\t\t<\/a>\n\t\t\t\t<\/span>\n\t\t\t\t\t<\/div>\n\t\t\t\t\t\t<\/div>\n\t\t\t\t<\/div>\n\t\t\t\t\t<\/div>\n\t\t<\/div>\n\t\t\t\t\t<\/div>\n\t\t<\/section>\n\t\t\t\t<section class=\"elementor-section elementor-top-section elementor-element elementor-element-4577240 elementor-section-full_width stax-condition-yes elementor-hidden-mobile elementor-section-height-default elementor-section-height-default\" data-id=\"4577240\" data-element_type=\"section\" data-e-type=\"section\" data-settings=\"{&quot;background_background&quot;:&quot;classic&quot;}\">\n\t\t\t\t\t\t<div class=\"elementor-container elementor-column-gap-no\">\n\t\t\t\t\t<div class=\"elementor-column elementor-col-100 elementor-top-column elementor-element elementor-element-4c5bbd1e\" data-id=\"4c5bbd1e\" data-element_type=\"column\" data-e-type=\"column\">\n\t\t\t<div class=\"elementor-widget-wrap\">\n\t\t\t\t\t\t\t<\/div>\n\t\t<\/div>\n\t\t\t\t\t<\/div>\n\t\t<\/section>\n\t\t\t\t<\/div>","protected":false},"excerpt":{"rendered":"<p>GUITARRA FLAMENCA DESDE 0 In this section, I will be posting a course directed for people that would like how to play the flamenco guitar, from scratch. We will talk about the the different techniques, repertoire, theory, music, and all the details regarding the flamenco<\/p>","protected":false},"author":1,"featured_media":0,"parent":0,"menu_order":0,"comment_status":"closed","ping_status":"closed","template":"elementor_header_footer","meta":{"footnotes":""},"class_list":["post-52676","page","type-page","status-publish","hentry"],"_links":{"self":[{"href":"https:\/\/www.felipe-carvajal.com\/es\/wp-json\/wp\/v2\/pages\/52676","targetHints":{"allow":["GET"]}}],"collection":[{"href":"https:\/\/www.felipe-carvajal.com\/es\/wp-json\/wp\/v2\/pages"}],"about":[{"href":"https:\/\/www.felipe-carvajal.com\/es\/wp-json\/wp\/v2\/types\/page"}],"author":[{"embeddable":true,"href":"https:\/\/www.felipe-carvajal.com\/es\/wp-json\/wp\/v2\/users\/1"}],"replies":[{"embeddable":true,"href":"https:\/\/www.felipe-carvajal.com\/es\/wp-json\/wp\/v2\/comments?post=52676"}],"version-history":[{"count":45,"href":"https:\/\/www.felipe-carvajal.com\/es\/wp-json\/wp\/v2\/pages\/52676\/revisions"}],"predecessor-version":[{"id":52772,"href":"https:\/\/www.felipe-carvajal.com\/es\/wp-json\/wp\/v2\/pages\/52676\/revisions\/52772"}],"wp:attachment":[{"href":"https:\/\/www.felipe-carvajal.com\/es\/wp-json\/wp\/v2\/media?parent=52676"}],"curies":[{"name":"wp","href":"https:\/\/api.w.org\/{rel}","templated":true}]}}