{"id":52604,"date":"2023-10-10T17:23:25","date_gmt":"2023-10-10T17:23:25","guid":{"rendered":"https:\/\/www.felipe-carvajal.com\/?page_id=52604"},"modified":"2024-08-22T18:07:19","modified_gmt":"2024-08-22T18:07:19","slug":"user-requests","status":"publish","type":"page","link":"https:\/\/www.felipe-carvajal.com\/es\/user-requests\/","title":{"rendered":"Solicitudes"},"content":{"rendered":"<div data-elementor-type=\"wp-page\" data-elementor-id=\"52604\" class=\"elementor elementor-52604\" data-elementor-post-type=\"page\">\n\t\t\t\t\t\t<section class=\"elementor-section elementor-top-section elementor-element elementor-element-072be51 elementor-section-boxed elementor-section-height-default elementor-section-height-default\" data-id=\"072be51\" data-element_type=\"section\" data-e-type=\"section\">\n\t\t\t\t\t\t<div class=\"elementor-container elementor-column-gap-default\">\n\t\t\t\t\t<div class=\"elementor-column elementor-col-100 elementor-top-column elementor-element elementor-element-b7af270\" data-id=\"b7af270\" data-element_type=\"column\" data-e-type=\"column\">\n\t\t\t<div class=\"elementor-widget-wrap elementor-element-populated\">\n\t\t\t\t\t\t<div class=\"elementor-element elementor-element-45f2553 elementor-widget elementor-widget-heading\" data-id=\"45f2553\" data-element_type=\"widget\" data-e-type=\"widget\" data-widget_type=\"heading.default\">\n\t\t\t\t<div class=\"elementor-widget-container\">\n\t\t\t\t\t<h2 class=\"elementor-heading-title elementor-size-default\">Solicitudes<\/h2>\t\t\t\t<\/div>\n\t\t\t\t<\/div>\n\t\t\t\t\t<\/div>\n\t\t<\/div>\n\t\t\t\t\t<\/div>\n\t\t<\/section>\n\t\t\t\t<section class=\"elementor-section elementor-top-section elementor-element elementor-element-3c30ab0 elementor-section-boxed elementor-section-height-default elementor-section-height-default\" data-id=\"3c30ab0\" data-element_type=\"section\" data-e-type=\"section\">\n\t\t\t\t\t\t<div class=\"elementor-container elementor-column-gap-default\">\n\t\t\t\t\t<div class=\"elementor-column elementor-col-100 elementor-top-column elementor-element elementor-element-a5407f4\" data-id=\"a5407f4\" data-element_type=\"column\" data-e-type=\"column\">\n\t\t\t<div class=\"elementor-widget-wrap elementor-element-populated\">\n\t\t\t\t\t\t<div class=\"elementor-element elementor-element-d5d0c02 elementor-widget elementor-widget-text-editor\" data-id=\"d5d0c02\" data-element_type=\"widget\" data-e-type=\"widget\" data-widget_type=\"text-editor.default\">\n\t\t\t\t<div class=\"elementor-widget-container\">\n\t\t\t\t\t\t\t\t\t<p>\u00a1La idea de esta p\u00e1gina es poder escuchar un poco m\u00e1s de ustedes! Y poder subir m\u00e1s contenido de lo que les gustar\u00eda. Primero, encontrar\u00e1n votaciones con temas o ideas que las personas han enviado. A los que tengan m\u00e1s votos les dar\u00e9 prioridad.<br \/><br \/>Si desea enviar un nuevo tema, encontrar\u00e1 un formulario m\u00e1s abajo, donde podr\u00e1 enviarme sus sugerencias.<\/p>\t\t\t\t\t\t\t\t<\/div>\n\t\t\t\t<\/div>\n\t\t\t\t\t<\/div>\n\t\t<\/div>\n\t\t\t\t\t<\/div>\n\t\t<\/section>\n\t\t\t\t<section class=\"elementor-section elementor-top-section elementor-element elementor-element-6d97651 elementor-section-full_width elementor-section-stretched stax-condition-yes stax-user_role_enabled-yes elementor-section-height-default elementor-section-height-default\" data-id=\"6d97651\" data-element_type=\"section\" data-e-type=\"section\" data-settings=\"{&quot;stretch_section&quot;:&quot;section-stretched&quot;}\">\n\t\t\t\t\t\t<div class=\"elementor-container elementor-column-gap-default\">\n\t\t\t\t\t<div class=\"elementor-column elementor-col-100 elementor-top-column elementor-element elementor-element-fae48bc\" data-id=\"fae48bc\" data-element_type=\"column\" data-e-type=\"column\">\n\t\t\t<div class=\"elementor-widget-wrap elementor-element-populated\">\n\t\t\t\t\t\t<div class=\"elementor-element elementor-element-fe4fbc3 elementor-widget elementor-widget-text-editor\" data-id=\"fe4fbc3\" data-element_type=\"widget\" data-e-type=\"widget\" data-widget_type=\"text-editor.default\">\n\t\t\t\t<div class=\"elementor-widget-container\">\n\t\t\t\t\t\t\t\t\t<p style=\"text-align: center;\">Votar y enviar solicitudes est\u00e1n restringidos \u00fanicamente a los suscriptores de mi sitio web. <br \/><a href=\"https:\/\/www.felipe-carvajal.com\/es\/sign-in-up\/\">Por favor inicia sesi\u00f3n o crea una cuenta aqu\u00ed<\/a> (Es Gratis!)<\/p>\t\t\t\t\t\t\t\t<\/div>\n\t\t\t\t<\/div>\n\t\t\t\t\t<\/div>\n\t\t<\/div>\n\t\t\t\t\t<\/div>\n\t\t<\/section>\n\t\t\t\t<\/div>","protected":false},"excerpt":{"rendered":"<p>Requests The idea of this page is to be able to hear a little more from you guys! And be able to upload more content of what you would like. So first, you are going to find voting Polls with topics or ideas that people&#8230;<\/p>","protected":false},"author":1,"featured_media":0,"parent":0,"menu_order":0,"comment_status":"closed","ping_status":"closed","template":"","meta":{"footnotes":""},"class_list":["post-52604","page","type-page","status-publish","hentry"],"_links":{"self":[{"href":"https:\/\/www.felipe-carvajal.com\/es\/wp-json\/wp\/v2\/pages\/52604","targetHints":{"allow":["GET"]}}],"collection":[{"href":"https:\/\/www.felipe-carvajal.com\/es\/wp-json\/wp\/v2\/pages"}],"about":[{"href":"https:\/\/www.felipe-carvajal.com\/es\/wp-json\/wp\/v2\/types\/page"}],"author":[{"embeddable":true,"href":"https:\/\/www.felipe-carvajal.com\/es\/wp-json\/wp\/v2\/users\/1"}],"replies":[{"embeddable":true,"href":"https:\/\/www.felipe-carvajal.com\/es\/wp-json\/wp\/v2\/comments?post=52604"}],"version-history":[{"count":43,"href":"https:\/\/www.felipe-carvajal.com\/es\/wp-json\/wp\/v2\/pages\/52604\/revisions"}],"predecessor-version":[{"id":52927,"href":"https:\/\/www.felipe-carvajal.com\/es\/wp-json\/wp\/v2\/pages\/52604\/revisions\/52927"}],"wp:attachment":[{"href":"https:\/\/www.felipe-carvajal.com\/es\/wp-json\/wp\/v2\/media?parent=52604"}],"curies":[{"name":"wp","href":"https:\/\/api.w.org\/{rel}","templated":true}]}}